{"id":12363,"date":"2026-03-10T10:26:11","date_gmt":"2026-03-10T10:26:11","guid":{"rendered":"https:\/\/www.centros-sbc.com\/politica-de-cookies\/"},"modified":"2026-03-10T10:26:11","modified_gmt":"2026-03-10T10:26:11","slug":"politica-de-cookies","status":"publish","type":"page","link":"https:\/\/www.centros-sbc.com\/ca\/politica-de-cookies\/","title":{"rendered":"Pol\u00edtica de cookies"},"content":{"rendered":"La regi\u00f3 EU no est\u00e0 activada per a cookie-statement.\n","protected":false},"excerpt":{"rendered":"","protected":false},"author":1,"featured_media":0,"parent":0,"menu_order":0,"comment_status":"closed","ping_status":"closed","template":"","meta":{"site-sidebar-layout":"default","site-content-layout":"default","ast-global-header-display":"","ast-main-header-display":"","ast-hfb-above-header-display":"","ast-hfb-below-header-display":"","ast-hfb-mobile-header-display":"","site-post-title":"","ast-breadcrumbs-content":"","ast-featured-img":"","footer-sml-layout":"","theme-transparent-header-meta":"","adv-header-id-meta":"","stick-header-meta":"","header-above-stick-meta":"","header-main-stick-meta":"","header-below-stick-meta":"","footnotes":""},"class_list":["post-12363","page","type-page","status-publish","hentry"],"yoast_head":"<!-- This site is optimized with the Yoast SEO plugin v26.4 - https:\/\/yoast.com\/wordpress\/plugins\/seo\/ -->\n<title>Pol\u00edtica de cookies - SBC<\/title>\n<meta name=\"robots\" content=\"index, follow, max-snippet:-1, max-image-preview:large, max-video-preview:-1\" \/>\n<link rel=\"canonical\" href=\"https:\/\/www.centros-sbc.com\/politica-de-cookies\/\" \/>\n<meta property=\"og:locale\" content=\"ca_ES\" \/>\n<meta property=\"og:type\" content=\"article\" \/>\n<meta property=\"og:title\" content=\"Pol\u00edtica de cookies - SBC\" \/>\n<meta property=\"og:url\" content=\"https:\/\/www.centros-sbc.com\/politica-de-cookies\/\" \/>\n<meta property=\"og:site_name\" content=\"SBC\" \/>\n<meta property=\"article:publisher\" content=\"https:\/\/www.facebook.com\/centrossbcbarcelona\" \/>\n<meta name=\"twitter:card\" content=\"summary_large_image\" \/>\n<meta name=\"twitter:site\" content=\"@CentrosSBC\" \/>\n<script type=\"application\/ld+json\" class=\"yoast-schema-graph\">{\"@context\":\"https:\/\/schema.org\",\"@graph\":[{\"@type\":\"WebPage\",\"@id\":\"https:\/\/www.centros-sbc.com\/politica-de-cookies\/\",\"url\":\"https:\/\/www.centros-sbc.com\/politica-de-cookies\/\",\"name\":\"Pol\u00edtica de cookies - SBC\",\"isPartOf\":{\"@id\":\"https:\/\/www.centros-sbc.com\/#website\"},\"datePublished\":\"2026-03-10T10:26:11+00:00\",\"breadcrumb\":{\"@id\":\"https:\/\/www.centros-sbc.com\/politica-de-cookies\/#breadcrumb\"},\"inLanguage\":\"ca\",\"potentialAction\":[{\"@type\":\"ReadAction\",\"target\":[\"https:\/\/www.centros-sbc.com\/politica-de-cookies\/\"]}]},{\"@type\":\"BreadcrumbList\",\"@id\":\"https:\/\/www.centros-sbc.com\/politica-de-cookies\/#breadcrumb\",\"itemListElement\":[{\"@type\":\"ListItem\",\"position\":1,\"name\":\"Portada\",\"item\":\"https:\/\/www.centros-sbc.com\/\"},{\"@type\":\"ListItem\",\"position\":2,\"name\":\"Pol\u00edtica de cookies\"}]},{\"@type\":\"WebSite\",\"@id\":\"https:\/\/www.centros-sbc.com\/#website\",\"url\":\"https:\/\/www.centros-sbc.com\/\",\"name\":\"SBC\",\"description\":\"Centro de Negocios Barcelona. Alquiler despachos. DTO 25%\",\"publisher\":{\"@id\":\"https:\/\/www.centros-sbc.com\/#organization\"},\"potentialAction\":[{\"@type\":\"SearchAction\",\"target\":{\"@type\":\"EntryPoint\",\"urlTemplate\":\"https:\/\/www.centros-sbc.com\/?s={search_term_string}\"},\"query-input\":{\"@type\":\"PropertyValueSpecification\",\"valueRequired\":true,\"valueName\":\"search_term_string\"}}],\"inLanguage\":\"ca\"},{\"@type\":\"Organization\",\"@id\":\"https:\/\/www.centros-sbc.com\/#organization\",\"name\":\"Centros SBC\",\"url\":\"https:\/\/www.centros-sbc.com\/\",\"logo\":{\"@type\":\"ImageObject\",\"inLanguage\":\"ca\",\"@id\":\"https:\/\/www.centros-sbc.com\/#\/schema\/logo\/image\/\",\"url\":\"https:\/\/www.centros-sbc.com\/wp-content\/uploads\/2022\/12\/logosbc.png\",\"contentUrl\":\"https:\/\/www.centros-sbc.com\/wp-content\/uploads\/2022\/12\/logosbc.png\",\"width\":318,\"height\":116,\"caption\":\"Centros SBC\"},\"image\":{\"@id\":\"https:\/\/www.centros-sbc.com\/#\/schema\/logo\/image\/\"},\"sameAs\":[\"https:\/\/www.facebook.com\/centrossbcbarcelona\",\"https:\/\/x.com\/CentrosSBC\"]}]}<\/script>\n<!-- \/ Yoast SEO plugin. -->","yoast_head_json":{"title":"Pol\u00edtica de cookies - SBC","robots":{"index":"index","follow":"follow","max-snippet":"max-snippet:-1","max-image-preview":"max-image-preview:large","max-video-preview":"max-video-preview:-1"},"canonical":"https:\/\/www.centros-sbc.com\/politica-de-cookies\/","og_locale":"ca_ES","og_type":"article","og_title":"Pol\u00edtica de cookies - SBC","og_url":"https:\/\/www.centros-sbc.com\/politica-de-cookies\/","og_site_name":"SBC","article_publisher":"https:\/\/www.facebook.com\/centrossbcbarcelona","twitter_card":"summary_large_image","twitter_site":"@CentrosSBC","schema":{"@context":"https:\/\/schema.org","@graph":[{"@type":"WebPage","@id":"https:\/\/www.centros-sbc.com\/politica-de-cookies\/","url":"https:\/\/www.centros-sbc.com\/politica-de-cookies\/","name":"Pol\u00edtica de cookies - SBC","isPartOf":{"@id":"https:\/\/www.centros-sbc.com\/#website"},"datePublished":"2026-03-10T10:26:11+00:00","breadcrumb":{"@id":"https:\/\/www.centros-sbc.com\/politica-de-cookies\/#breadcrumb"},"inLanguage":"ca","potentialAction":[{"@type":"ReadAction","target":["https:\/\/www.centros-sbc.com\/politica-de-cookies\/"]}]},{"@type":"BreadcrumbList","@id":"https:\/\/www.centros-sbc.com\/politica-de-cookies\/#breadcrumb","itemListElement":[{"@type":"ListItem","position":1,"name":"Portada","item":"https:\/\/www.centros-sbc.com\/"},{"@type":"ListItem","position":2,"name":"Pol\u00edtica de cookies"}]},{"@type":"WebSite","@id":"https:\/\/www.centros-sbc.com\/#website","url":"https:\/\/www.centros-sbc.com\/","name":"SBC","description":"Centro de Negocios Barcelona. Alquiler despachos. DTO 25%","publisher":{"@id":"https:\/\/www.centros-sbc.com\/#organization"},"potentialAction":[{"@type":"SearchAction","target":{"@type":"EntryPoint","urlTemplate":"https:\/\/www.centros-sbc.com\/?s={search_term_string}"},"query-input":{"@type":"PropertyValueSpecification","valueRequired":true,"valueName":"search_term_string"}}],"inLanguage":"ca"},{"@type":"Organization","@id":"https:\/\/www.centros-sbc.com\/#organization","name":"Centros SBC","url":"https:\/\/www.centros-sbc.com\/","logo":{"@type":"ImageObject","inLanguage":"ca","@id":"https:\/\/www.centros-sbc.com\/#\/schema\/logo\/image\/","url":"https:\/\/www.centros-sbc.com\/wp-content\/uploads\/2022\/12\/logosbc.png","contentUrl":"https:\/\/www.centros-sbc.com\/wp-content\/uploads\/2022\/12\/logosbc.png","width":318,"height":116,"caption":"Centros SBC"},"image":{"@id":"https:\/\/www.centros-sbc.com\/#\/schema\/logo\/image\/"},"sameAs":["https:\/\/www.facebook.com\/centrossbcbarcelona","https:\/\/x.com\/CentrosSBC"]}]}},"_links":{"self":[{"href":"https:\/\/www.centros-sbc.com\/ca\/wp-json\/wp\/v2\/pages\/12363","targetHints":{"allow":["GET"]}}],"collection":[{"href":"https:\/\/www.centros-sbc.com\/ca\/wp-json\/wp\/v2\/pages"}],"about":[{"href":"https:\/\/www.centros-sbc.com\/ca\/wp-json\/wp\/v2\/types\/page"}],"author":[{"embeddable":true,"href":"https:\/\/www.centros-sbc.com\/ca\/wp-json\/wp\/v2\/users\/1"}],"replies":[{"embeddable":true,"href":"https:\/\/www.centros-sbc.com\/ca\/wp-json\/wp\/v2\/comments?post=12363"}],"version-history":[{"count":0,"href":"https:\/\/www.centros-sbc.com\/ca\/wp-json\/wp\/v2\/pages\/12363\/revisions"}],"wp:attachment":[{"href":"https:\/\/www.centros-sbc.com\/ca\/wp-json\/wp\/v2\/media?parent=12363"}],"curies":[{"name":"wp","href":"https:\/\/api.w.org\/{rel}","templated":true}]}}