{"id":1776,"date":"2022-10-07T10:01:46","date_gmt":"2022-10-07T10:01:46","guid":{"rendered":"https:\/\/www.centros-sbc.com\/politica-de-privacitat\/"},"modified":"2026-03-10T10:28:39","modified_gmt":"2026-03-10T10:28:39","slug":"politica-de-privacitat-old","status":"publish","type":"page","link":"https:\/\/www.centros-sbc.com\/ca\/politica-de-privacitat-old\/","title":{"rendered":"Pol\u00edtica de privacitat"},"content":{"rendered":"\t\t<div data-elementor-type=\"wp-page\" data-elementor-id=\"1776\" class=\"elementor elementor-1776 elementor-3\">\n\t\t\t\t\t\t\t\t\t<section class=\"elementor-section elementor-top-section elementor-element elementor-element-51ca4624 elementor-section-boxed elementor-section-height-default elementor-section-height-default\" data-id=\"51ca4624\" data-element_type=\"section\">\n\t\t\t\t\t\t<div class=\"elementor-container elementor-column-gap-default\">\n\t\t\t\t\t<div class=\"elementor-column elementor-col-100 elementor-top-column elementor-element elementor-element-dcde855\" data-id=\"dcde855\" data-element_type=\"column\">\n\t\t\t<div class=\"elementor-widget-wrap elementor-element-populated\">\n\t\t\t\t\t\t\t\t<div class=\"elementor-element elementor-element-dd86c8f elementor-widget elementor-widget-text-editor\" data-id=\"dd86c8f\" data-element_type=\"widget\" data-widget_type=\"text-editor.default\">\n\t\t\t\t<div class=\"elementor-widget-container\">\n\t\t\t<style>\/*! elementor - v3.7.8 - 02-10-2022 *\/\n.elementor-widget-text-editor.elementor-drop-cap-view-stacked .elementor-drop-cap{background-color:#818a91;color:#fff}.elementor-widget-text-editor.elementor-drop-cap-view-framed .elementor-drop-cap{color:#818a91;border:3px solid;background-color:transparent}.elementor-widget-text-editor:not(.elementor-drop-cap-view-default) .elementor-drop-cap{margin-top:8px}.elementor-widget-text-editor:not(.elementor-drop-cap-view-default) .elementor-drop-cap-letter{width:1em;height:1em}.elementor-widget-text-editor .elementor-drop-cap{float:left;text-align:center;line-height:1;font-size:50px}.elementor-widget-text-editor .elementor-drop-cap-letter{display:inline-block}<\/style>\t\t\t\t<p>De conformitat amb el que s&#8217;estableix en la normativa vigent en Protecci\u00f3 de Dades de Car\u00e0cter Personal, l&#8217;informem que les seves dades seran incorporades al sistema de tractament titularitat de <strong>SERVICEN GESTION SL<\/strong> amb CIF B64222573 i domicili social situat en C\/ MEDES, 4 08023, BARCELONA, amb la finalitat d&#8217;atendre les seves consultes i remetre-li informaci\u00f3 relacionada que pugui ser del seu inter\u00e8s. En compliment amb la normativa vigent, <strong>SERVICEN GESTION SL<\/strong> informa que les dades seran conservades durant el termini estrictament necessari per a complir amb els preceptes esmentats amb anterioritat.<\/p>\n\t\t\t\t\t\t<\/div>\n\t\t\t\t<\/div>\n\t\t\t\t<div class=\"elementor-element elementor-element-e13b179 elementor-widget elementor-widget-text-editor\" data-id=\"e13b179\" data-element_type=\"widget\" data-widget_type=\"text-editor.default\">\n\t\t\t\t<div class=\"elementor-widget-container\">\n\t\t\t\t\t\t\tMentre no ens comuniqui el contrari, entendrem que les seves dades no han estat\nmodificats, que vost\u00e8 es compromet a notificar-nos qualsevol variaci\u00f3 i que\ntenim el seu consentiment per a utilitzar-los per a les finalitats esmentades.\t\t\t\t\t\t<\/div>\n\t\t\t\t<\/div>\n\t\t\t\t<div class=\"elementor-element elementor-element-8cded5d elementor-widget elementor-widget-text-editor\" data-id=\"8cded5d\" data-element_type=\"widget\" data-widget_type=\"text-editor.default\">\n\t\t\t\t<div class=\"elementor-widget-container\">\n\t\t\t\t\t\t\t<p><strong>SERVICEN GESTION SL<\/strong> informa que procedir\u00e0 a tractar les dades de manera l\u00edcita, lleial, transparent, adequada, pertinent, limitada, exacta i actualitzada. \u00c9s per aix\u00f2 que <strong>SERVICEN GESTION SL<\/strong> es compromet a adoptar totes les mesures raonables perqu\u00e8 aquests se suprimeixin o rectifiquin sense dilaci\u00f3 quan siguin inexactes.<\/p>\n\t\t\t\t\t\t<\/div>\n\t\t\t\t<\/div>\n\t\t\t\t<div class=\"elementor-element elementor-element-0fa7ace elementor-widget elementor-widget-text-editor\" data-id=\"0fa7ace\" data-element_type=\"widget\" data-widget_type=\"text-editor.default\">\n\t\t\t\t<div class=\"elementor-widget-container\">\n\t\t\t\t\t\t\t<p>D&#8217;acord amb els drets que li confereix el la normativa vigent en protecci\u00f3 de dades podr\u00e0 exercir els drets d&#8217;acc\u00e9s, rectificaci\u00f3, limitaci\u00f3 de tractament, supressi\u00f3, portabilitat i oposici\u00f3 al tractament de les seves dades de car\u00e0cter personal aix\u00ed com del consentiment prestat per al tractament d&#8217;aquests, dirigint la seva petici\u00f3 a l&#8217;adre\u00e7a postal indicada m\u00e9s amunt o al correu electr\u00f2nic <strong><a href=\"mailto:informacion@centros-sbc.com\">informacion@centros-sbc.com<\/a><\/strong>.<\/p>\n\t\t\t\t\t\t<\/div>\n\t\t\t\t<\/div>\n\t\t\t\t<div class=\"elementor-element elementor-element-bc28e0d elementor-widget elementor-widget-text-editor\" data-id=\"bc28e0d\" data-element_type=\"widget\" data-widget_type=\"text-editor.default\">\n\t\t\t\t<div class=\"elementor-widget-container\">\n\t\t\t\t\t\t\t<p>Al seu torn, l&#8217;informem que pot contactar amb el Delegat de Protecci\u00f3 de Dades de <strong>SERVICEN GESTION 10 SL<\/strong>, dirigint-se per escrit a l&#8217;adre\u00e7a de correu <strong><a href=\"mailto:dpo.cliente@conversia.es\">dpo.cliente@conversia.es<\/a><\/strong>o al tel\u00e8fon 902877192.<\/p>\n\t\t\t\t\t\t<\/div>\n\t\t\t\t<\/div>\n\t\t\t\t<div class=\"elementor-element elementor-element-d740e7a elementor-widget elementor-widget-text-editor\" data-id=\"d740e7a\" data-element_type=\"widget\" data-widget_type=\"text-editor.default\">\n\t\t\t\t<div class=\"elementor-widget-container\">\n\t\t\t\t\t\t\tPodr\u00e0 dirigir-se a l&#8217;Autoritat de Control competent per a presentar la\nreclamaci\u00f3 que consideri oportuna.\t\t\t\t\t\t<\/div>\n\t\t\t\t<\/div>\n\t\t\t\t<div class=\"elementor-element elementor-element-af2a526 elementor-widget elementor-widget-text-editor\" data-id=\"af2a526\" data-element_type=\"widget\" data-widget_type=\"text-editor.default\">\n\t\t\t\t<div class=\"elementor-widget-container\">\n\t\t\t\t\t\t\t<p>Amb enviament del formulari de recollida de dades vost\u00e8 accepta la pol\u00edtica de privacitat de <strong>SERVICEN GESTION 10 SL<\/strong>.<\/p>\n\t\t\t\t\t\t<\/div>\n\t\t\t\t<\/div>\n\t\t\t\t\t<\/div>\n\t\t<\/div>\n\t\t\t\t\t\t\t<\/div>\n\t\t<\/section>\n\t\t\t\t\t\t\t<\/div>\n\t\t","protected":false},"excerpt":{"rendered":"<p>De conformitat amb el que s&#8217;estableix en la normativa vigent en Protecci\u00f3 de Dades de Car\u00e0cter Personal, l&#8217;informem que les seves dades seran incorporades al sistema de tractament titularitat de SERVICEN GESTION SL amb CIF B64222573 i domicili social situat en C\/ MEDES, 4 08023, BARCELONA, amb la finalitat d&#8217;atendre les seves consultes i remetre-li &hellip;<\/p>\n<p class=\"read-more\"> <a class=\"\" href=\"https:\/\/www.centros-sbc.com\/ca\/politica-de-privacitat-old\/\"> <span class=\"screen-reader-text\">Pol\u00edtica de privacitat<\/span> Read More \u00bb<\/a><\/p>\n","protected":false},"author":1,"featured_media":0,"parent":0,"menu_order":0,"comment_status":"closed","ping_status":"closed","template":"","meta":{"site-sidebar-layout":"default","site-content-layout":"default","ast-global-header-display":"","ast-main-header-display":"","ast-hfb-above-header-display":"","ast-hfb-below-header-display":"","ast-hfb-mobile-header-display":"","site-post-title":"","ast-breadcrumbs-content":"","ast-featured-img":"","footer-sml-layout":"","theme-transparent-header-meta":"","adv-header-id-meta":"","stick-header-meta":"","header-above-stick-meta":"","header-main-stick-meta":"","header-below-stick-meta":"","footnotes":""},"class_list":["post-1776","page","type-page","status-publish","hentry"],"yoast_head":"<!-- This site is optimized with the Yoast SEO plugin v26.4 - https:\/\/yoast.com\/wordpress\/plugins\/seo\/ -->\n<title>Pol\u00edtica de privacitat - SBC<\/title>\n<meta name=\"robots\" content=\"index, follow, max-snippet:-1, max-image-preview:large, max-video-preview:-1\" \/>\n<link rel=\"canonical\" href=\"https:\/\/www.centros-sbc.com\/ca\/politica-de-privacitat-old\/\" \/>\n<meta property=\"og:locale\" content=\"ca_ES\" \/>\n<meta property=\"og:type\" content=\"article\" \/>\n<meta property=\"og:title\" content=\"Pol\u00edtica de privacitat - SBC\" \/>\n<meta property=\"og:description\" content=\"De conformitat amb el que s&#8217;estableix en la normativa vigent en Protecci\u00f3 de Dades de Car\u00e0cter Personal, l&#8217;informem que les seves dades seran incorporades al sistema de tractament titularitat de SERVICEN GESTION SL amb CIF B64222573 i domicili social situat en C\/ MEDES, 4 08023, BARCELONA, amb la finalitat d&#8217;atendre les seves consultes i remetre-li &hellip; Pol\u00edtica de privacitat Read More \u00bb\" \/>\n<meta property=\"og:url\" content=\"https:\/\/www.centros-sbc.com\/ca\/politica-de-privacitat-old\/\" \/>\n<meta property=\"og:site_name\" content=\"SBC\" \/>\n<meta property=\"article:publisher\" content=\"https:\/\/www.facebook.com\/centrossbcbarcelona\" \/>\n<meta property=\"article:modified_time\" content=\"2026-03-10T10:28:39+00:00\" \/>\n<meta name=\"twitter:card\" content=\"summary_large_image\" \/>\n<meta name=\"twitter:site\" content=\"@CentrosSBC\" \/>\n<meta name=\"twitter:label1\" content=\"Temps estimat de lectura\" \/>\n\t<meta name=\"twitter:data1\" content=\"2 minuts\" \/>\n<script type=\"application\/ld+json\" class=\"yoast-schema-graph\">{\"@context\":\"https:\/\/schema.org\",\"@graph\":[{\"@type\":\"WebPage\",\"@id\":\"https:\/\/www.centros-sbc.com\/ca\/politica-de-privacitat-old\/\",\"url\":\"https:\/\/www.centros-sbc.com\/ca\/politica-de-privacitat-old\/\",\"name\":\"Pol\u00edtica de privacitat - SBC\",\"isPartOf\":{\"@id\":\"https:\/\/www.centros-sbc.com\/#website\"},\"datePublished\":\"2022-10-07T10:01:46+00:00\",\"dateModified\":\"2026-03-10T10:28:39+00:00\",\"breadcrumb\":{\"@id\":\"https:\/\/www.centros-sbc.com\/ca\/politica-de-privacitat-old\/#breadcrumb\"},\"inLanguage\":\"ca\",\"potentialAction\":[{\"@type\":\"ReadAction\",\"target\":[\"https:\/\/www.centros-sbc.com\/ca\/politica-de-privacitat-old\/\"]}]},{\"@type\":\"BreadcrumbList\",\"@id\":\"https:\/\/www.centros-sbc.com\/ca\/politica-de-privacitat-old\/#breadcrumb\",\"itemListElement\":[{\"@type\":\"ListItem\",\"position\":1,\"name\":\"Portada\",\"item\":\"https:\/\/www.centros-sbc.com\/\"},{\"@type\":\"ListItem\",\"position\":2,\"name\":\"Pol\u00edtica de privacitat\"}]},{\"@type\":\"WebSite\",\"@id\":\"https:\/\/www.centros-sbc.com\/#website\",\"url\":\"https:\/\/www.centros-sbc.com\/\",\"name\":\"SBC\",\"description\":\"Centro de Negocios Barcelona. Alquiler despachos. DTO 25%\",\"publisher\":{\"@id\":\"https:\/\/www.centros-sbc.com\/#organization\"},\"potentialAction\":[{\"@type\":\"SearchAction\",\"target\":{\"@type\":\"EntryPoint\",\"urlTemplate\":\"https:\/\/www.centros-sbc.com\/?s={search_term_string}\"},\"query-input\":{\"@type\":\"PropertyValueSpecification\",\"valueRequired\":true,\"valueName\":\"search_term_string\"}}],\"inLanguage\":\"ca\"},{\"@type\":\"Organization\",\"@id\":\"https:\/\/www.centros-sbc.com\/#organization\",\"name\":\"Centros SBC\",\"url\":\"https:\/\/www.centros-sbc.com\/\",\"logo\":{\"@type\":\"ImageObject\",\"inLanguage\":\"ca\",\"@id\":\"https:\/\/www.centros-sbc.com\/#\/schema\/logo\/image\/\",\"url\":\"https:\/\/www.centros-sbc.com\/wp-content\/uploads\/2022\/12\/logosbc.png\",\"contentUrl\":\"https:\/\/www.centros-sbc.com\/wp-content\/uploads\/2022\/12\/logosbc.png\",\"width\":318,\"height\":116,\"caption\":\"Centros SBC\"},\"image\":{\"@id\":\"https:\/\/www.centros-sbc.com\/#\/schema\/logo\/image\/\"},\"sameAs\":[\"https:\/\/www.facebook.com\/centrossbcbarcelona\",\"https:\/\/x.com\/CentrosSBC\"]}]}<\/script>\n<!-- \/ Yoast SEO plugin. -->","yoast_head_json":{"title":"Pol\u00edtica de privacitat - SBC","robots":{"index":"index","follow":"follow","max-snippet":"max-snippet:-1","max-image-preview":"max-image-preview:large","max-video-preview":"max-video-preview:-1"},"canonical":"https:\/\/www.centros-sbc.com\/ca\/politica-de-privacitat-old\/","og_locale":"ca_ES","og_type":"article","og_title":"Pol\u00edtica de privacitat - SBC","og_description":"De conformitat amb el que s&#8217;estableix en la normativa vigent en Protecci\u00f3 de Dades de Car\u00e0cter Personal, l&#8217;informem que les seves dades seran incorporades al sistema de tractament titularitat de SERVICEN GESTION SL amb CIF B64222573 i domicili social situat en C\/ MEDES, 4 08023, BARCELONA, amb la finalitat d&#8217;atendre les seves consultes i remetre-li &hellip; Pol\u00edtica de privacitat Read More \u00bb","og_url":"https:\/\/www.centros-sbc.com\/ca\/politica-de-privacitat-old\/","og_site_name":"SBC","article_publisher":"https:\/\/www.facebook.com\/centrossbcbarcelona","article_modified_time":"2026-03-10T10:28:39+00:00","twitter_card":"summary_large_image","twitter_site":"@CentrosSBC","twitter_misc":{"Temps estimat de lectura":"2 minuts"},"schema":{"@context":"https:\/\/schema.org","@graph":[{"@type":"WebPage","@id":"https:\/\/www.centros-sbc.com\/ca\/politica-de-privacitat-old\/","url":"https:\/\/www.centros-sbc.com\/ca\/politica-de-privacitat-old\/","name":"Pol\u00edtica de privacitat - SBC","isPartOf":{"@id":"https:\/\/www.centros-sbc.com\/#website"},"datePublished":"2022-10-07T10:01:46+00:00","dateModified":"2026-03-10T10:28:39+00:00","breadcrumb":{"@id":"https:\/\/www.centros-sbc.com\/ca\/politica-de-privacitat-old\/#breadcrumb"},"inLanguage":"ca","potentialAction":[{"@type":"ReadAction","target":["https:\/\/www.centros-sbc.com\/ca\/politica-de-privacitat-old\/"]}]},{"@type":"BreadcrumbList","@id":"https:\/\/www.centros-sbc.com\/ca\/politica-de-privacitat-old\/#breadcrumb","itemListElement":[{"@type":"ListItem","position":1,"name":"Portada","item":"https:\/\/www.centros-sbc.com\/"},{"@type":"ListItem","position":2,"name":"Pol\u00edtica de privacitat"}]},{"@type":"WebSite","@id":"https:\/\/www.centros-sbc.com\/#website","url":"https:\/\/www.centros-sbc.com\/","name":"SBC","description":"Centro de Negocios Barcelona. Alquiler despachos. DTO 25%","publisher":{"@id":"https:\/\/www.centros-sbc.com\/#organization"},"potentialAction":[{"@type":"SearchAction","target":{"@type":"EntryPoint","urlTemplate":"https:\/\/www.centros-sbc.com\/?s={search_term_string}"},"query-input":{"@type":"PropertyValueSpecification","valueRequired":true,"valueName":"search_term_string"}}],"inLanguage":"ca"},{"@type":"Organization","@id":"https:\/\/www.centros-sbc.com\/#organization","name":"Centros SBC","url":"https:\/\/www.centros-sbc.com\/","logo":{"@type":"ImageObject","inLanguage":"ca","@id":"https:\/\/www.centros-sbc.com\/#\/schema\/logo\/image\/","url":"https:\/\/www.centros-sbc.com\/wp-content\/uploads\/2022\/12\/logosbc.png","contentUrl":"https:\/\/www.centros-sbc.com\/wp-content\/uploads\/2022\/12\/logosbc.png","width":318,"height":116,"caption":"Centros SBC"},"image":{"@id":"https:\/\/www.centros-sbc.com\/#\/schema\/logo\/image\/"},"sameAs":["https:\/\/www.facebook.com\/centrossbcbarcelona","https:\/\/x.com\/CentrosSBC"]}]}},"_links":{"self":[{"href":"https:\/\/www.centros-sbc.com\/ca\/wp-json\/wp\/v2\/pages\/1776","targetHints":{"allow":["GET"]}}],"collection":[{"href":"https:\/\/www.centros-sbc.com\/ca\/wp-json\/wp\/v2\/pages"}],"about":[{"href":"https:\/\/www.centros-sbc.com\/ca\/wp-json\/wp\/v2\/types\/page"}],"author":[{"embeddable":true,"href":"https:\/\/www.centros-sbc.com\/ca\/wp-json\/wp\/v2\/users\/1"}],"replies":[{"embeddable":true,"href":"https:\/\/www.centros-sbc.com\/ca\/wp-json\/wp\/v2\/comments?post=1776"}],"version-history":[{"count":1,"href":"https:\/\/www.centros-sbc.com\/ca\/wp-json\/wp\/v2\/pages\/1776\/revisions"}],"predecessor-version":[{"id":7530,"href":"https:\/\/www.centros-sbc.com\/ca\/wp-json\/wp\/v2\/pages\/1776\/revisions\/7530"}],"wp:attachment":[{"href":"https:\/\/www.centros-sbc.com\/ca\/wp-json\/wp\/v2\/media?parent=1776"}],"curies":[{"name":"wp","href":"https:\/\/api.w.org\/{rel}","templated":true}]}}