{"id":7529,"date":"2022-10-07T10:01:46","date_gmt":"2022-10-07T10:01:46","guid":{"rendered":"https:\/\/www.centros-sbc.com\/politica-de-privacidad\/"},"modified":"2026-04-17T09:51:48","modified_gmt":"2026-04-17T09:51:48","slug":"privacy-policy","status":"publish","type":"page","link":"https:\/\/www.centros-sbc.com\/en\/privacy-policy\/","title":{"rendered":"Privacy Policy"},"content":{"rendered":"\t\t<div data-elementor-type=\"wp-page\" data-elementor-id=\"7529\" class=\"elementor elementor-7529 elementor-3\">\n\t\t\t\t\t\t<section class=\"elementor-section elementor-top-section elementor-element elementor-element-51ca4624 elementor-section-boxed elementor-section-height-default elementor-section-height-default\" data-id=\"51ca4624\" data-element_type=\"section\" data-e-type=\"section\">\n\t\t\t\t\t\t<div class=\"elementor-container elementor-column-gap-default\">\n\t\t\t\t\t<div class=\"elementor-column elementor-col-100 elementor-top-column elementor-element elementor-element-dcde855\" data-id=\"dcde855\" data-element_type=\"column\" data-e-type=\"column\">\n\t\t\t<div class=\"elementor-widget-wrap elementor-element-populated\">\n\t\t\t\t\t\t<div class=\"elementor-element elementor-element-dd86c8f elementor-widget elementor-widget-text-editor\" data-id=\"dd86c8f\" data-element_type=\"widget\" data-e-type=\"widget\" data-widget_type=\"text-editor.default\">\n\t\t\t\t<div class=\"elementor-widget-container\">\n\t\t\t\t\t\t\t\t\t<p>De conformidad con lo establecido en la normativa vigente en Protecci\u00f3n de Datos de Car\u00e1cter Personal, le informamos que sus datos ser\u00e1n incorporados al sistema de tratamiento titularidad de <strong>SERVICEN GESTION SL<\/strong> con CIF B64222573 y domicilio social sito en C\/ MEDES, 4 08023, BARCELONA, con la finalidad de atender sus consultas y remitirle informaci\u00f3n relacionada que pueda ser de su inter\u00e9s. En cumplimiento con la normativa vigente, <strong>SERVICEN GESTION SL<\/strong> informa que los datos ser\u00e1n conservados durante el plazo estrictamente necesario para cumplir con los preceptos mencionados con anterioridad.<\/p>\t\t\t\t\t\t\t\t<\/div>\n\t\t\t\t<\/div>\n\t\t\t\t<div class=\"elementor-element elementor-element-e13b179 elementor-widget elementor-widget-text-editor\" data-id=\"e13b179\" data-element_type=\"widget\" data-e-type=\"widget\" data-widget_type=\"text-editor.default\">\n\t\t\t\t<div class=\"elementor-widget-container\">\n\t\t\t\t\t\t\t\t\tMientras no nos comunique lo contrario, entenderemos que sus datos no han sido\nmodificados, que usted se compromete a notificarnos cualquier variaci\u00f3n y que\ntenemos su consentimiento para utilizarlos para las finalidades mencionadas.\t\t\t\t\t\t\t\t<\/div>\n\t\t\t\t<\/div>\n\t\t\t\t<div class=\"elementor-element elementor-element-8cded5d elementor-widget elementor-widget-text-editor\" data-id=\"8cded5d\" data-element_type=\"widget\" data-e-type=\"widget\" data-widget_type=\"text-editor.default\">\n\t\t\t\t<div class=\"elementor-widget-container\">\n\t\t\t\t\t\t\t\t\t<p><strong>SERVICEN GESTION SL<\/strong> informa que proceder\u00e1 a tratar los datos de manera l\u00edcita, leal, transparente, adecuada, pertinente, limitada, exacta y actualizada. Es por ello que <strong>SERVICEN GESTION SL<\/strong> se compromete a adoptar todas las medidas razonables para que estos se supriman o rectifiquen sin dilaci\u00f3n cuando sean inexactos.<\/p>\t\t\t\t\t\t\t\t<\/div>\n\t\t\t\t<\/div>\n\t\t\t\t<div class=\"elementor-element elementor-element-0fa7ace elementor-widget elementor-widget-text-editor\" data-id=\"0fa7ace\" data-element_type=\"widget\" data-e-type=\"widget\" data-widget_type=\"text-editor.default\">\n\t\t\t\t<div class=\"elementor-widget-container\">\n\t\t\t\t\t\t\t\t\t<p>De acuerdo con los derechos que le confiere el la normativa vigente en protecci\u00f3n de datos podr\u00e1 ejercer los derechos de acceso, rectificaci\u00f3n, limitaci\u00f3n de tratamiento, supresi\u00f3n, portabilidad y oposici\u00f3n al tratamiento de sus datos de car\u00e1cter personal as\u00ed como del consentimiento prestado para el tratamiento de los mismos, dirigiendo su petici\u00f3n a la direcci\u00f3n postal indicada m\u00e1s arriba o al correo electr\u00f3nico <strong><a href=\"mailto:informacion@centros-sbc.com\">informacion@centros-sbc.com<\/a><\/strong>.<\/p>\t\t\t\t\t\t\t\t<\/div>\n\t\t\t\t<\/div>\n\t\t\t\t<div class=\"elementor-element elementor-element-bc28e0d elementor-widget elementor-widget-text-editor\" data-id=\"bc28e0d\" data-element_type=\"widget\" data-e-type=\"widget\" data-widget_type=\"text-editor.default\">\n\t\t\t\t<div class=\"elementor-widget-container\">\n\t\t\t\t\t\t\t\t\t<p>A su vez, le informamos que puede contactar con el Delegado de Protecci\u00f3n de Datos de <strong>SERVICEN GESTION 10 SL<\/strong>, dirigi\u00e9ndose por escrito a la direcci\u00f3n de correo <strong><a href=\"mailto:dpo.cliente@conversia.es\">dpo.cliente@conversia.es<\/a> <\/strong>o al tel\u00e9fono 902877192.<\/p>\t\t\t\t\t\t\t\t<\/div>\n\t\t\t\t<\/div>\n\t\t\t\t<div class=\"elementor-element elementor-element-d740e7a elementor-widget elementor-widget-text-editor\" data-id=\"d740e7a\" data-element_type=\"widget\" data-e-type=\"widget\" data-widget_type=\"text-editor.default\">\n\t\t\t\t<div class=\"elementor-widget-container\">\n\t\t\t\t\t\t\t\t\tPodr\u00e1 dirigirse a la Autoridad de Control competente para presentar la\nreclamaci\u00f3n que considere oportuna.\t\t\t\t\t\t\t\t<\/div>\n\t\t\t\t<\/div>\n\t\t\t\t<div class=\"elementor-element elementor-element-af2a526 elementor-widget elementor-widget-text-editor\" data-id=\"af2a526\" data-element_type=\"widget\" data-e-type=\"widget\" data-widget_type=\"text-editor.default\">\n\t\t\t\t<div class=\"elementor-widget-container\">\n\t\t\t\t\t\t\t\t\t<p>Con env\u00edo del formulario de recogida de datos usted acepta la pol\u00edtica de privacidad de <strong>SERVICEN GESTION 10 SL<\/strong>.<\/p>\t\t\t\t\t\t\t\t<\/div>\n\t\t\t\t<\/div>\n\t\t\t\t\t<\/div>\n\t\t<\/div>\n\t\t\t\t\t<\/div>\n\t\t<\/section>\n\t\t\t\t<\/div>\n\t\t","protected":false},"excerpt":{"rendered":"<p>De conformidad con lo establecido en la normativa vigente en Protecci\u00f3n de Datos de Car\u00e1cter Personal, le informamos que sus datos ser\u00e1n incorporados al sistema de tratamiento titularidad de SERVICEN GESTION SL con CIF B64222573 y domicilio social sito en C\/ MEDES, 4 08023, BARCELONA, con la finalidad de atender sus consultas y remitirle informaci\u00f3n &hellip;<\/p>\n<p class=\"read-more\"> <a class=\"\" href=\"https:\/\/www.centros-sbc.com\/en\/privacy-policy\/\"> <span class=\"screen-reader-text\">Privacy Policy<\/span> Read More \u00bb<\/a><\/p>\n","protected":false},"author":1,"featured_media":0,"parent":0,"menu_order":0,"comment_status":"closed","ping_status":"closed","template":"","meta":{"site-sidebar-layout":"default","site-content-layout":"default","ast-global-header-display":"","ast-main-header-display":"","ast-hfb-above-header-display":"","ast-hfb-below-header-display":"","ast-hfb-mobile-header-display":"","site-post-title":"","ast-breadcrumbs-content":"","ast-featured-img":"","footer-sml-layout":"","theme-transparent-header-meta":"","adv-header-id-meta":"","stick-header-meta":"","header-above-stick-meta":"","header-main-stick-meta":"","header-below-stick-meta":"","footnotes":""},"class_list":["post-7529","page","type-page","status-publish","hentry"],"yoast_head":"<!-- This site is optimized with the Yoast SEO plugin v26.4 - https:\/\/yoast.com\/wordpress\/plugins\/seo\/ -->\n<title>Privacy Policy - SBC<\/title>\n<meta name=\"robots\" content=\"index, follow, max-snippet:-1, max-image-preview:large, max-video-preview:-1\" \/>\n<link rel=\"canonical\" href=\"https:\/\/www.centros-sbc.com\/en\/privacy-policy\/\" \/>\n<meta property=\"og:locale\" content=\"en_US\" \/>\n<meta property=\"og:type\" content=\"article\" \/>\n<meta property=\"og:title\" content=\"Privacy Policy - SBC\" \/>\n<meta property=\"og:description\" content=\"De conformidad con lo establecido en la normativa vigente en Protecci\u00f3n de Datos de Car\u00e1cter Personal, le informamos que sus datos ser\u00e1n incorporados al sistema de tratamiento titularidad de SERVICEN GESTION SL con CIF B64222573 y domicilio social sito en C\/ MEDES, 4 08023, BARCELONA, con la finalidad de atender sus consultas y remitirle informaci\u00f3n &hellip; Privacy Policy Read More \u00bb\" \/>\n<meta property=\"og:url\" content=\"https:\/\/www.centros-sbc.com\/en\/privacy-policy\/\" \/>\n<meta property=\"og:site_name\" content=\"SBC\" \/>\n<meta property=\"article:publisher\" content=\"https:\/\/www.facebook.com\/centrossbcbarcelona\" \/>\n<meta property=\"article:modified_time\" content=\"2026-04-17T09:51:48+00:00\" \/>\n<meta name=\"twitter:card\" content=\"summary_large_image\" \/>\n<meta name=\"twitter:site\" content=\"@CentrosSBC\" \/>\n<meta name=\"twitter:label1\" content=\"Est. reading time\" \/>\n\t<meta name=\"twitter:data1\" content=\"2 minutes\" \/>\n<script type=\"application\/ld+json\" class=\"yoast-schema-graph\">{\"@context\":\"https:\/\/schema.org\",\"@graph\":[{\"@type\":\"WebPage\",\"@id\":\"https:\/\/www.centros-sbc.com\/en\/privacy-policy\/\",\"url\":\"https:\/\/www.centros-sbc.com\/en\/privacy-policy\/\",\"name\":\"Privacy Policy - SBC\",\"isPartOf\":{\"@id\":\"https:\/\/www.centros-sbc.com\/#website\"},\"datePublished\":\"2022-10-07T10:01:46+00:00\",\"dateModified\":\"2026-04-17T09:51:48+00:00\",\"breadcrumb\":{\"@id\":\"https:\/\/www.centros-sbc.com\/en\/privacy-policy\/#breadcrumb\"},\"inLanguage\":\"en-US\",\"potentialAction\":[{\"@type\":\"ReadAction\",\"target\":[\"https:\/\/www.centros-sbc.com\/en\/privacy-policy\/\"]}]},{\"@type\":\"BreadcrumbList\",\"@id\":\"https:\/\/www.centros-sbc.com\/en\/privacy-policy\/#breadcrumb\",\"itemListElement\":[{\"@type\":\"ListItem\",\"position\":1,\"name\":\"Portada\",\"item\":\"https:\/\/www.centros-sbc.com\/en\/\"},{\"@type\":\"ListItem\",\"position\":2,\"name\":\"Privacy Policy\"}]},{\"@type\":\"WebSite\",\"@id\":\"https:\/\/www.centros-sbc.com\/#website\",\"url\":\"https:\/\/www.centros-sbc.com\/\",\"name\":\"SBC\",\"description\":\"Centro de Negocios Barcelona. Alquiler despachos. DTO 25%\",\"publisher\":{\"@id\":\"https:\/\/www.centros-sbc.com\/#organization\"},\"potentialAction\":[{\"@type\":\"SearchAction\",\"target\":{\"@type\":\"EntryPoint\",\"urlTemplate\":\"https:\/\/www.centros-sbc.com\/?s={search_term_string}\"},\"query-input\":{\"@type\":\"PropertyValueSpecification\",\"valueRequired\":true,\"valueName\":\"search_term_string\"}}],\"inLanguage\":\"en-US\"},{\"@type\":\"Organization\",\"@id\":\"https:\/\/www.centros-sbc.com\/#organization\",\"name\":\"Centros SBC\",\"url\":\"https:\/\/www.centros-sbc.com\/\",\"logo\":{\"@type\":\"ImageObject\",\"inLanguage\":\"en-US\",\"@id\":\"https:\/\/www.centros-sbc.com\/#\/schema\/logo\/image\/\",\"url\":\"https:\/\/www.centros-sbc.com\/wp-content\/uploads\/2022\/12\/logosbc.png\",\"contentUrl\":\"https:\/\/www.centros-sbc.com\/wp-content\/uploads\/2022\/12\/logosbc.png\",\"width\":318,\"height\":116,\"caption\":\"Centros SBC\"},\"image\":{\"@id\":\"https:\/\/www.centros-sbc.com\/#\/schema\/logo\/image\/\"},\"sameAs\":[\"https:\/\/www.facebook.com\/centrossbcbarcelona\",\"https:\/\/x.com\/CentrosSBC\"]}]}<\/script>\n<!-- \/ Yoast SEO plugin. -->","yoast_head_json":{"title":"Privacy Policy - SBC","robots":{"index":"index","follow":"follow","max-snippet":"max-snippet:-1","max-image-preview":"max-image-preview:large","max-video-preview":"max-video-preview:-1"},"canonical":"https:\/\/www.centros-sbc.com\/en\/privacy-policy\/","og_locale":"en_US","og_type":"article","og_title":"Privacy Policy - SBC","og_description":"De conformidad con lo establecido en la normativa vigente en Protecci\u00f3n de Datos de Car\u00e1cter Personal, le informamos que sus datos ser\u00e1n incorporados al sistema de tratamiento titularidad de SERVICEN GESTION SL con CIF B64222573 y domicilio social sito en C\/ MEDES, 4 08023, BARCELONA, con la finalidad de atender sus consultas y remitirle informaci\u00f3n &hellip; Privacy Policy Read More \u00bb","og_url":"https:\/\/www.centros-sbc.com\/en\/privacy-policy\/","og_site_name":"SBC","article_publisher":"https:\/\/www.facebook.com\/centrossbcbarcelona","article_modified_time":"2026-04-17T09:51:48+00:00","twitter_card":"summary_large_image","twitter_site":"@CentrosSBC","twitter_misc":{"Est. reading time":"2 minutes"},"schema":{"@context":"https:\/\/schema.org","@graph":[{"@type":"WebPage","@id":"https:\/\/www.centros-sbc.com\/en\/privacy-policy\/","url":"https:\/\/www.centros-sbc.com\/en\/privacy-policy\/","name":"Privacy Policy - SBC","isPartOf":{"@id":"https:\/\/www.centros-sbc.com\/#website"},"datePublished":"2022-10-07T10:01:46+00:00","dateModified":"2026-04-17T09:51:48+00:00","breadcrumb":{"@id":"https:\/\/www.centros-sbc.com\/en\/privacy-policy\/#breadcrumb"},"inLanguage":"en-US","potentialAction":[{"@type":"ReadAction","target":["https:\/\/www.centros-sbc.com\/en\/privacy-policy\/"]}]},{"@type":"BreadcrumbList","@id":"https:\/\/www.centros-sbc.com\/en\/privacy-policy\/#breadcrumb","itemListElement":[{"@type":"ListItem","position":1,"name":"Portada","item":"https:\/\/www.centros-sbc.com\/en\/"},{"@type":"ListItem","position":2,"name":"Privacy Policy"}]},{"@type":"WebSite","@id":"https:\/\/www.centros-sbc.com\/#website","url":"https:\/\/www.centros-sbc.com\/","name":"SBC","description":"Centro de Negocios Barcelona. Alquiler despachos. DTO 25%","publisher":{"@id":"https:\/\/www.centros-sbc.com\/#organization"},"potentialAction":[{"@type":"SearchAction","target":{"@type":"EntryPoint","urlTemplate":"https:\/\/www.centros-sbc.com\/?s={search_term_string}"},"query-input":{"@type":"PropertyValueSpecification","valueRequired":true,"valueName":"search_term_string"}}],"inLanguage":"en-US"},{"@type":"Organization","@id":"https:\/\/www.centros-sbc.com\/#organization","name":"Centros SBC","url":"https:\/\/www.centros-sbc.com\/","logo":{"@type":"ImageObject","inLanguage":"en-US","@id":"https:\/\/www.centros-sbc.com\/#\/schema\/logo\/image\/","url":"https:\/\/www.centros-sbc.com\/wp-content\/uploads\/2022\/12\/logosbc.png","contentUrl":"https:\/\/www.centros-sbc.com\/wp-content\/uploads\/2022\/12\/logosbc.png","width":318,"height":116,"caption":"Centros SBC"},"image":{"@id":"https:\/\/www.centros-sbc.com\/#\/schema\/logo\/image\/"},"sameAs":["https:\/\/www.facebook.com\/centrossbcbarcelona","https:\/\/x.com\/CentrosSBC"]}]}},"_links":{"self":[{"href":"https:\/\/www.centros-sbc.com\/en\/wp-json\/wp\/v2\/pages\/7529","targetHints":{"allow":["GET"]}}],"collection":[{"href":"https:\/\/www.centros-sbc.com\/en\/wp-json\/wp\/v2\/pages"}],"about":[{"href":"https:\/\/www.centros-sbc.com\/en\/wp-json\/wp\/v2\/types\/page"}],"author":[{"embeddable":true,"href":"https:\/\/www.centros-sbc.com\/en\/wp-json\/wp\/v2\/users\/1"}],"replies":[{"embeddable":true,"href":"https:\/\/www.centros-sbc.com\/en\/wp-json\/wp\/v2\/comments?post=7529"}],"version-history":[{"count":2,"href":"https:\/\/www.centros-sbc.com\/en\/wp-json\/wp\/v2\/pages\/7529\/revisions"}],"predecessor-version":[{"id":13244,"href":"https:\/\/www.centros-sbc.com\/en\/wp-json\/wp\/v2\/pages\/7529\/revisions\/13244"}],"wp:attachment":[{"href":"https:\/\/www.centros-sbc.com\/en\/wp-json\/wp\/v2\/media?parent=7529"}],"curies":[{"name":"wp","href":"https:\/\/api.w.org\/{rel}","templated":true}]}}